{"id":212,"date":"2019-05-22T16:08:25","date_gmt":"2019-05-22T19:08:25","guid":{"rendered":"https:\/\/www.tecnica.red\/compras\/?post_type=product&#038;p=212"},"modified":"2019-05-22T16:09:22","modified_gmt":"2019-05-22T19:09:22","slug":"chemitec-promax-aerosol-alcohol-isop","status":"publish","type":"product","link":"https:\/\/www.tecnica.red\/compras\/product\/chemitec-promax-aerosol-alcohol-isop\/","title":{"rendered":"Chemitec ProMax Aerosol Alcohol Isop"},"content":{"rendered":"<p>Alcohol Isopropilico de m\u00e1xima pureza de r\u00e1pida evaporaci\u00f3n<\/p>\n","protected":false},"excerpt":{"rendered":"<p>Alcohol Isopropilico de m\u00e1xima pureza de r\u00e1pida evaporaci\u00f3n y gran penetraci\u00f3n. Excelente limpia contactos. Elimina con facilidad suciedad, grasitud, \u00f3xido, ceras, adhesivos y tintas en electr\u00f3nica, computaci\u00f3n, impresi\u00f3n, industriales y automotores. No deja residuos ni humedad.<\/p>\n<p>Recomendado para:<br \/>\nEquipos de computaci\u00f3n, industrias, automotores, equipos de electr\u00f3nica y equipos de impresi\u00f3n<\/p>\n","protected":false},"featured_media":213,"template":"","meta":{"_et_pb_use_builder":"","_et_pb_old_content":"","_et_gb_content_width":""},"_links":{"self":[{"href":"https:\/\/www.tecnica.red\/compras\/wp-json\/wp\/v2\/product\/212"}],"collection":[{"href":"https:\/\/www.tecnica.red\/compras\/wp-json\/wp\/v2\/product"}],"about":[{"href":"https:\/\/www.tecnica.red\/compras\/wp-json\/wp\/v2\/types\/product"}],"wp:featuredmedia":[{"embeddable":true,"href":"https:\/\/www.tecnica.red\/compras\/wp-json\/wp\/v2\/media\/213"}],"wp:attachment":[{"href":"https:\/\/www.tecnica.red\/compras\/wp-json\/wp\/v2\/media?parent=212"}],"curies":[{"name":"wp","href":"https:\/\/api.w.org\/{rel}","templated":true}]}}