{"id":214,"date":"2019-05-22T16:14:34","date_gmt":"2019-05-22T19:14:34","guid":{"rendered":"https:\/\/www.tecnica.red\/compras\/?post_type=product&#038;p=214"},"modified":"2019-05-22T16:14:34","modified_gmt":"2019-05-22T19:14:34","slug":"grasa-refrigerante","status":"publish","type":"product","link":"https:\/\/www.tecnica.red\/compras\/product\/grasa-refrigerante\/","title":{"rendered":"Grasa refrigerante"},"content":{"rendered":"<p>Grasa Refrigerante permite mejorar la trasferencia t\u00e9rmica entre semiconductores, disipadores y chasis. Al aplicar Grasa Refrigerante entre las uniones mec\u00e1nicas permite cubrir las imperfecciones de ambas superficies aumentando la superficie de contacto y disminuyendo la resistencia t\u00e9rmica del conjunto facilitando la disipaci\u00f3n t\u00e9rmica y logrando as\u00ed una mejor refrigeraci\u00f3n de los semiconductores. Se utiliza tanto en reparaci\u00f3n como en producci\u00f3n.<\/p>\n","protected":false},"excerpt":{"rendered":"<p>Grasa Refrigerante permite mejorar la trasferencia t\u00e9rmica entre semiconductores, disipadores y chasis. Al aplicar Grasa Refrigerante entre las uniones mec\u00e1nicas permite cubrir las imperfecciones de ambas superficies aumentando la superficie de contacto y disminuyendo la resistencia t\u00e9rmica del conjunto facilitando la disipaci\u00f3n t\u00e9rmica y logrando as\u00ed una mejor refrigeraci\u00f3n de los semiconductores. Se utiliza tanto [&hellip;]<\/p>\n","protected":false},"featured_media":215,"template":"","meta":{"_et_pb_use_builder":"","_et_pb_old_content":"","_et_gb_content_width":""},"_links":{"self":[{"href":"https:\/\/www.tecnica.red\/compras\/wp-json\/wp\/v2\/product\/214"}],"collection":[{"href":"https:\/\/www.tecnica.red\/compras\/wp-json\/wp\/v2\/product"}],"about":[{"href":"https:\/\/www.tecnica.red\/compras\/wp-json\/wp\/v2\/types\/product"}],"wp:featuredmedia":[{"embeddable":true,"href":"https:\/\/www.tecnica.red\/compras\/wp-json\/wp\/v2\/media\/215"}],"wp:attachment":[{"href":"https:\/\/www.tecnica.red\/compras\/wp-json\/wp\/v2\/media?parent=214"}],"curies":[{"name":"wp","href":"https:\/\/api.w.org\/{rel}","templated":true}]}}