{"id":652,"date":"2019-11-29T14:44:26","date_gmt":"2019-11-29T17:44:26","guid":{"rendered":"https:\/\/www.tecnica.red\/compras\/?post_type=product&#038;p=652"},"modified":"2019-11-29T14:44:26","modified_gmt":"2019-11-29T17:44:26","slug":"microscopio-estereo-binocular-7-45x","status":"publish","type":"product","link":"https:\/\/www.tecnica.red\/compras\/product\/microscopio-estereo-binocular-7-45x\/","title":{"rendered":"Microscopio est\u00e9reo Binocular 7-45X"},"content":{"rendered":"<p><strong>Microscopio est\u00e9reo Binocular 7-45X<\/strong> con soporte de extensi\u00f3n de Base grande luz LED Microscopio de Zoom est\u00e9reo para la reparaci\u00f3n de la placa Base del tel\u00e9fono<\/p>\n<p><u>Caracter\u00edsticas<\/u><u>:<\/u><u> <a href=\"https:\/\/www.tecnica.red\/compras\/wp-content\/uploads\/2019\/11\/microscopio-5.jpg\"><img loading=\"lazy\" class=\"alignnone size-medium wp-image-646\" src=\"https:\/\/www.tecnica.red\/compras\/wp-content\/uploads\/2019\/11\/microscopio-5-300x300.jpg\" alt=\"\" width=\"300\" height=\"300\" srcset=\"https:\/\/www.tecnica.red\/compras\/wp-content\/uploads\/2019\/11\/microscopio-5-300x300.jpg 300w, https:\/\/www.tecnica.red\/compras\/wp-content\/uploads\/2019\/11\/microscopio-5-150x150.jpg 150w, https:\/\/www.tecnica.red\/compras\/wp-content\/uploads\/2019\/11\/microscopio-5-768x768.jpg 768w, https:\/\/www.tecnica.red\/compras\/wp-content\/uploads\/2019\/11\/microscopio-5-1024x1024.jpg 1024w, https:\/\/www.tecnica.red\/compras\/wp-content\/uploads\/2019\/11\/microscopio-5-1080x1080.jpg 1080w, https:\/\/www.tecnica.red\/compras\/wp-content\/uploads\/2019\/11\/microscopio-5-600x600.jpg 600w, https:\/\/www.tecnica.red\/compras\/wp-content\/uploads\/2019\/11\/microscopio-5-100x100.jpg 100w, https:\/\/www.tecnica.red\/compras\/wp-content\/uploads\/2019\/11\/microscopio-5.jpg 1500w\" sizes=\"(max-width: 300px) 100vw, 300px\" \/><\/a><\/u><\/p>\n<p>Potencia de ampliaci\u00f3n de zoom 7-45x con im\u00e1genes n\u00edtidas y n\u00edtidas<\/p>\n<p>\u00d3ptica de gran alcance<\/p>\n<p>Widefield DE VISTA<\/p>\n<p>4 \u00ab(100mm) distancia de trabajo<\/p>\n<p>Soporte de pilar de metal robusto<\/p>\n<p>Potente luz de anillo de 56 LED con regulador<\/p>\n<p>Este microscopio est\u00e9reo tiene una luz de anillo de 56 LED que ofrece \u00f3pticas de campo s\u00faper amplio y potencia de aumento de zoom 7X-45X con un sistema de iluminaci\u00f3n de luz fresco. Es un instrumento ideal para inspecciones industriales y\/o aplicaciones de laboratorio biol\u00f3gico. Este microscopio es perfecto para gemlogos, ingenieros de fabricaci\u00f3n, t\u00e9cnicos de laboratorio dental y cualquier persona en la industria electr\u00f3nica y de semiconductor.<\/p>\n<p>Un excelente Microscopio de inspecci\u00f3n est\u00e9reo con luz de anillo ajustable de intensidad de 60 LED<\/p>\n<p>7-45xsuper gran zoom potencia de ampliaci\u00f3n<\/p>\n<p>Luz fr\u00eda brillante 56-sistema de iluminaci\u00f3n LED<\/p>\n<p>Alta resoluci\u00f3n con gran planitud y contraste, dando im\u00e1genes n\u00edtidas y claras<\/p>\n<p>Cabeza Binocular con tubos oculares giratorios de 45 grados inclinados de 360 grados<\/p>\n<p>Im\u00e1genes est\u00e9reo afiladas y erguidas con un amplio campo de visi\u00f3n<\/p>\n<p>Im\u00e1genes de microscopio de color real original cristalino<\/p>\n<p>Tubos de doble Ojo con dioptr\u00edas ajustables<\/p>\n<p>Gran distancia de trabajo<\/p>\n<p>Soporte de mesa de metal robusto<\/p>\n<p>La alineaci\u00f3n precisa reduce la tensi\u00f3n ocular durante per\u00edodos m\u00e1s largos de visi\u00f3n<\/p>\n<p>La \u00f3ptica de elementos de vidrio<\/p>\n<p>Precisa suelo Lentes de vidrio<\/p>\n<p>Componentes mec\u00e1nicos Totalmente met\u00e1licos cromados<\/p>\n<p>Distancia interpupilar ajustable<\/p>\n<p>Protectores oculares de goma incluidos<\/p>\n<p>Especificaci\u00f3n:<\/p>\n<p>Cabeza: 360 grados giratoria 45 grados binocular inclinado<\/p>\n<p>Ocular: 30mm super WF10X\/20 MM<\/p>\n<p>Rango de Zoom objetivo:-9.0X 0.35X, usando las lentes Barlow<\/p>\n<p>Distancia de trabajo: 4 \u00ab(100mm)<\/p>\n<p>Ajuste del dioptr\u00eda: +\/-5dp<\/p>\n<p>Distancia interpupilar: 2-3\/16 \u00ab-2-15\/16\u00bb (55-75mm)<\/p>\n<p>Placa redonda: 3-3\/4 \u00ab(95mm) de di\u00e1metro<\/p>\n<p>Soporte: 10 \u00abx 7-7\/8\u00bb x 10,75 \u00ab(254x200x275mm)<\/p>\n<p>Iluminaci\u00f3n: anillo de luz 58 LED<\/p>\n<p>Entrada de alimentaci\u00f3n: 110-240 V, 50-60 HZ, conmutaci\u00f3n autom\u00e1tica<\/p>\n<p>Accesorios: tapones para los ojos emparejados<\/p>\n<p>&nbsp;<\/p>\n<p>&nbsp;<\/p>\n<p><u>Paquete incluye:<\/u><\/p>\n<p>&nbsp;<\/p>\n<p>1 x cabeza de Zoom est\u00e9reo Binocular<\/p>\n<p>1 x par de SuperWidefield 10X ocular<\/p>\n<p>1 x soporte de mesa de Pilar<\/p>\n<p>1 x enfoque Rack<\/p>\n<p>1 par de protectores oculares<\/p>\n<p>1 x par de Clips<\/p>\n<p>1 x cubierta de polvo<\/p>\n<p>1&#215;56 x Uds anillos Led<\/p>\n<p>1 Objetivo x0.5x (para 3.5X-90X)<\/p>\n<p>1 x lente objetivo 2.0x (para 3.5X-90X)<\/p>\n","protected":false},"excerpt":{"rendered":"<p>Microscopio est\u00e9reo Binocular 7-45X con soporte de extensi\u00f3n de Base grande luz LED Microscopio de Zoom est\u00e9reo para la reparaci\u00f3n de la placa Base del tel\u00e9fono Caracter\u00edsticas: Potencia de ampliaci\u00f3n de zoom 7-45x con im\u00e1genes n\u00edtidas y n\u00edtidas \u00d3ptica de gran alcance Widefield DE VISTA 4 \u00ab(100mm) distancia de trabajo Soporte de pilar de metal [&hellip;]<\/p>\n","protected":false},"featured_media":647,"template":"","meta":{"_et_pb_use_builder":"","_et_pb_old_content":"","_et_gb_content_width":""},"_links":{"self":[{"href":"https:\/\/www.tecnica.red\/compras\/wp-json\/wp\/v2\/product\/652"}],"collection":[{"href":"https:\/\/www.tecnica.red\/compras\/wp-json\/wp\/v2\/product"}],"about":[{"href":"https:\/\/www.tecnica.red\/compras\/wp-json\/wp\/v2\/types\/product"}],"wp:featuredmedia":[{"embeddable":true,"href":"https:\/\/www.tecnica.red\/compras\/wp-json\/wp\/v2\/media\/647"}],"wp:attachment":[{"href":"https:\/\/www.tecnica.red\/compras\/wp-json\/wp\/v2\/media?parent=652"}],"curies":[{"name":"wp","href":"https:\/\/api.w.org\/{rel}","templated":true}]}}