{"id":684,"date":"2020-03-02T12:29:31","date_gmt":"2020-03-02T15:29:31","guid":{"rendered":"https:\/\/www.tecnica.red\/compras\/?post_type=product&#038;p=684"},"modified":"2020-03-06T10:00:27","modified_gmt":"2020-03-06T13:00:27","slug":"auricular-inalambrico-sense-kab-404-negro-blanco-azul-y-rojo","status":"publish","type":"product","link":"https:\/\/www.tecnica.red\/compras\/product\/auricular-inalambrico-sense-kab-404-negro-blanco-azul-y-rojo\/","title":{"rendered":"Auricular Inalambrico SENSE KAB 404   Negro, Blanco, Azul y Rojo."},"content":{"rendered":"<p>[et_pb_section admin_label=\u00bbsection\u00bb]<br \/>\n\t\t[et_pb_row admin_label=\u00bbrow\u00bb]<br \/>\n\t\t\t[et_pb_column type=\u00bb4_4&#8243;][et_pb_text admin_label=\u00bbText\u00bb]&nbsp;<\/p>\n<p><strong>Conexi\u00f3n inal\u00e1mbrica V5.0 + EDR.<\/strong><strong><br \/>\n<\/strong><strong>Bater\u00eda recargable de 180mAh.<\/strong><strong><br \/>\n<\/strong><strong>Slot para tarjeta Micro SD y conexi\u00f3n Aux 3,5mm.<\/strong><strong><br \/>\n<\/strong><strong>Radio FM.<\/strong><strong><br \/>\n<\/strong><strong>Incluye: Cable de audio y Cable de carga.<\/strong><strong><br \/>\n<\/strong><strong>Disponible en color: Negro, Blanco, Azul y Rojo.<\/strong>[\/et_pb_text][\/et_pb_column]<br \/>\n\t\t[\/et_pb_row]<br \/>\n\t[\/et_pb_section]<\/p>\n","protected":false},"excerpt":{"rendered":"<p>[et_pb_section admin_label=\u00bbsection\u00bb] [et_pb_row admin_label=\u00bbrow\u00bb] [et_pb_column type=\u00bb4_4&#8243;][et_pb_text admin_label=\u00bbText\u00bb]&nbsp; Conexi\u00f3n inal\u00e1mbrica V5.0 + EDR. Bater\u00eda recargable de 180mAh. Slot para tarjeta Micro SD y conexi\u00f3n Aux 3,5mm. Radio FM. Incluye: Cable de audio y Cable de carga. Disponible en color: Negro, Blanco, Azul y Rojo.[\/et_pb_text][\/et_pb_column] [\/et_pb_row] [\/et_pb_section]<\/p>\n","protected":false},"featured_media":677,"template":"","meta":{"_et_pb_use_builder":"on","_et_pb_old_content":"&nbsp;\r\n\r\n<strong>Conexi\u00f3n inal\u00e1mbrica V5.0 + EDR.<\/strong><strong>\r\n<\/strong><strong>Bater\u00eda recargable de 180mAh.<\/strong><strong>\r\n<\/strong><strong>Slot para tarjeta Micro SD y conexi\u00f3n Aux 3,5mm.<\/strong><strong>\r\n<\/strong><strong>Radio FM.<\/strong><strong>\r\n<\/strong><strong>Incluye: Cable de audio y Cable de carga.<\/strong><strong>\r\n<\/strong><strong>Disponible en color: Negro, Blanco, Azul y Rojo.<\/strong>","_et_gb_content_width":""},"_links":{"self":[{"href":"https:\/\/www.tecnica.red\/compras\/wp-json\/wp\/v2\/product\/684"}],"collection":[{"href":"https:\/\/www.tecnica.red\/compras\/wp-json\/wp\/v2\/product"}],"about":[{"href":"https:\/\/www.tecnica.red\/compras\/wp-json\/wp\/v2\/types\/product"}],"wp:featuredmedia":[{"embeddable":true,"href":"https:\/\/www.tecnica.red\/compras\/wp-json\/wp\/v2\/media\/677"}],"wp:attachment":[{"href":"https:\/\/www.tecnica.red\/compras\/wp-json\/wp\/v2\/media?parent=684"}],"curies":[{"name":"wp","href":"https:\/\/api.w.org\/{rel}","templated":true}]}}