{"id":685,"date":"2020-03-02T12:36:51","date_gmt":"2020-03-02T15:36:51","guid":{"rendered":"https:\/\/www.tecnica.red\/compras\/?post_type=product&#038;p=685"},"modified":"2020-03-02T12:38:25","modified_gmt":"2020-03-02T15:38:25","slug":"parlante-action-2-bth-kpm-276-kolke","status":"publish","type":"product","link":"https:\/\/www.tecnica.red\/compras\/product\/parlante-action-2-bth-kpm-276-kolke\/","title":{"rendered":"PARLANTE ACTION 2 BTH KPM-276     KOLKE"},"content":{"rendered":"<h2>PARLANTE PORTABLE ACTION 2 KPM-276 MADERA<\/h2>\n<h3 class=\"model\">Modelo KPM-276<\/h3>\n<p><span class=\"description\">Parlante de madera de 3&#8243;x3.<br \/>\nConexi\u00f3n inal\u00e1mbrica.<br \/>\nPotencia: 25W.<br \/>\nConexi\u00f3n USB, tarjeta Micro SD, Audio 3.5mm y MIC 6.35mm.<br \/>\nBater\u00eda recargable.<br \/>\nDisplay Led.<br \/>\nLuces Led.<br \/>\nIncluye: Micr\u00f3fono con cable, cable 2 en 1 y bater\u00eda<\/span><\/p>\n","protected":false},"excerpt":{"rendered":"<p>PARLANTE PORTABLE ACTION 2 KPM-276 MADERA Modelo KPM-276 Parlante de madera de 3&#8243;x3. Conexi\u00f3n inal\u00e1mbrica. Potencia: 25W. Conexi\u00f3n USB, tarjeta Micro SD, Audio 3.5mm y MIC 6.35mm. Bater\u00eda recargable. Display Led. Luces Led. Incluye: Micr\u00f3fono con cable, cable 2 en 1 y bater\u00eda<\/p>\n","protected":false},"featured_media":686,"template":"","meta":{"_et_pb_use_builder":"","_et_pb_old_content":"","_et_gb_content_width":""},"_links":{"self":[{"href":"https:\/\/www.tecnica.red\/compras\/wp-json\/wp\/v2\/product\/685"}],"collection":[{"href":"https:\/\/www.tecnica.red\/compras\/wp-json\/wp\/v2\/product"}],"about":[{"href":"https:\/\/www.tecnica.red\/compras\/wp-json\/wp\/v2\/types\/product"}],"wp:featuredmedia":[{"embeddable":true,"href":"https:\/\/www.tecnica.red\/compras\/wp-json\/wp\/v2\/media\/686"}],"wp:attachment":[{"href":"https:\/\/www.tecnica.red\/compras\/wp-json\/wp\/v2\/media?parent=685"}],"curies":[{"name":"wp","href":"https:\/\/api.w.org\/{rel}","templated":true}]}}