{"id":687,"date":"2020-03-02T12:46:47","date_gmt":"2020-03-02T15:46:47","guid":{"rendered":"https:\/\/www.tecnica.red\/compras\/?post_type=product&#038;p=687"},"modified":"2020-03-02T12:46:48","modified_gmt":"2020-03-02T15:46:48","slug":"spray-de-limpieza-de-aire-comprimido-kvk199","status":"publish","type":"product","link":"https:\/\/www.tecnica.red\/compras\/product\/spray-de-limpieza-de-aire-comprimido-kvk199\/","title":{"rendered":"SPRAY DE LIMPIEZA DE AIRE COMPRIMIDO KVK199"},"content":{"rendered":"<h2>Spray de limpieza de aire comprimido KVK199<\/h2>\n<h3>Modelo KVK-199<\/h3>\n<p>Multiprop\u00f3sito.<br \/>\nElimina r\u00e1pidamente el polvo y la suciedad.<br \/>\nSpray de limpieza para dispositivos electr\u00f3nicos.<br \/>\nApto para ser utilizado en: Tablets, Smartphones, Laptops, Teclados, C\u00e1maras, Computadoras, Scanners, Televisores LCD, Autos, etc.<\/p>\n<p>&nbsp;<\/p>\n<p>&nbsp;<\/p>\n<p>&nbsp;<\/p>\n<p>Multiprop\u00f3sito: Puede ser utilizado en el auto,en la oficina, en el hogar, etc.<br \/>\nElimina r\u00e1pidamente el polvo y la suciedad.<br \/>\nSpray de limpieza para dispositivos electr\u00f3nicos.<br \/>\nApto para ser utilizado en: Tablets, Smartphones, Laptops, Teclados, C\u00e1maras, Computadoras, Scanners, Televisores LCD, Autos y m\u00e1s!<\/p>\n<p>MODO DE USO:<\/p>\n<p>Antes de utilizar:<br \/>\n1. Retire la pesta\u00f1a en la parte superior de la boquilla de pulverizaci\u00f3n.<br \/>\n2. Apunte la boquilla lejos de usted y otros.<br \/>\n3. Mantener en posici\u00f3n vertical y tirar del gatillo para despejar el l\u00edquido de la v\u00e1lvula.<\/p>\n<p>Uso:<br \/>\n1. Mantenga en posici\u00f3n vertical aproximadamente a 2&#8243; de distancia del objeto que se va a limpiar.<br \/>\n2. Apriete el gatillo, en per\u00edodos cortos de tiempo.<br \/>\n3. Para limpiar las \u00e1reas de dif\u00edcil acceso, inserte firmemente el tubo de extensi\u00f3n en la boquilla de pulverizaci\u00f3n.<\/p>\n<p>&#8211; Precauci\u00f3n:<br \/>\nMantenga fuera del alcance de los ni\u00f1os. Este producto es extremadamente inflamable. Por lo tanto, no lo deje a la luz directa del sol, en un veh\u00edculo cerrado o exponga a temperaturas superiores a 50\u00baC (122\u00baF), ya que el sobrecalentamiento podr\u00eda ocasionar que la lata se queme.<br \/>\nNo inclinar, sacudir o girar al rev\u00e9s antes o durante su uso.<br \/>\nSi va a limpiar un objeto el\u00e9ctrico, antes de hacerlo, desconectelo.<br \/>\nEl contenido l\u00edquido de este producto puede causar irritaci\u00f3n al contacto con la piel. P\u00f3ngase en contacto con su m\u00e9dico si esto ocurre.<br \/>\nNo perforar o quemar, incluso despu\u00e9s de su uso.<br \/>\nNo respire el aerosol. Usar s\u00f3lo en \u00e1reas bien ventiladas.<br \/>\nContiene Hidrocarburos, rico en C3-4, gas de petr\u00f3leo destilado. CAS#:68512-91-4<\/p>\n<p>NO CONTIENE HCFC<br \/>\nNO PRODUCE POLVO<br \/>\nTUBO DIFUSOR DE ALTA PRECISI\u00d3N<\/p>\n","protected":false},"excerpt":{"rendered":"<p>Spray de limpieza de aire comprimido KVK199 Modelo KVK-199 Multiprop\u00f3sito. Elimina r\u00e1pidamente el polvo y la suciedad. Spray de limpieza para dispositivos electr\u00f3nicos. Apto para ser utilizado en: Tablets, Smartphones, Laptops, Teclados, C\u00e1maras, Computadoras, Scanners, Televisores LCD, Autos, etc. &nbsp; &nbsp; &nbsp; Multiprop\u00f3sito: Puede ser utilizado en el auto,en la oficina, en el hogar, etc. [&hellip;]<\/p>\n","protected":false},"featured_media":688,"template":"","meta":{"_et_pb_use_builder":"","_et_pb_old_content":"","_et_gb_content_width":""},"_links":{"self":[{"href":"https:\/\/www.tecnica.red\/compras\/wp-json\/wp\/v2\/product\/687"}],"collection":[{"href":"https:\/\/www.tecnica.red\/compras\/wp-json\/wp\/v2\/product"}],"about":[{"href":"https:\/\/www.tecnica.red\/compras\/wp-json\/wp\/v2\/types\/product"}],"wp:featuredmedia":[{"embeddable":true,"href":"https:\/\/www.tecnica.red\/compras\/wp-json\/wp\/v2\/media\/688"}],"wp:attachment":[{"href":"https:\/\/www.tecnica.red\/compras\/wp-json\/wp\/v2\/media?parent=687"}],"curies":[{"name":"wp","href":"https:\/\/api.w.org\/{rel}","templated":true}]}}