{"id":691,"date":"2020-03-02T12:53:37","date_gmt":"2020-03-02T15:53:37","guid":{"rendered":"https:\/\/www.tecnica.red\/compras\/?post_type=product&#038;p=691"},"modified":"2020-03-02T13:34:12","modified_gmt":"2020-03-02T16:34:12","slug":"polaris-xion-600-ups","status":"publish","type":"product","link":"https:\/\/www.tecnica.red\/compras\/product\/polaris-xion-600-ups\/","title":{"rendered":"Polaris XION 600  UPS"},"content":{"rendered":"<h4>POLARIS XION 600<\/h4>\n<p>Estos equipos son peque\u00f1os y de gran versatilidad, pueden ser usados para proteger una oficina en particular, estudio o hogar. Son de gran fidelidad y tiene un precio altamente competitivo en relaci\u00f3n costo-beneficio.<\/p>\n<p>Una forma r\u00e1pida y segura para cuidar sus datos, recuerde que estos equipos pueden salvar informaci\u00f3n valiosa de su m\u00e1quina de escritorio. Una soluci\u00f3n simple para un gran problema.<\/p>\n<h3>Especificaci\u00f3n t\u00e9cnica<\/h3>\n<table border=\"0\" width=\"960\" cellspacing=\"0\" cellpadding=\"0\">\n<tbody>\n<tr>\n<td class=\"baseGris\" width=\"480\">MODELO XION 600<\/td>\n<td class=\"baseGris\" width=\"480\"><\/td>\n<\/tr>\n<tr>\n<td class=\"separador\" width=\"480\" height=\"5\"><\/td>\n<td class=\"separador\" width=\"480\" height=\"5\"><\/td>\n<\/tr>\n<tr>\n<td class=\"baseContenido\" width=\"480\">CAPACIDAD<\/td>\n<td class=\"baseContenido\" width=\"480\">500W\/ 1000VA<\/td>\n<\/tr>\n<tr>\n<td class=\"separador\" width=\"480\" height=\"5\"><\/td>\n<td class=\"separador\" width=\"480\" height=\"5\"><\/td>\n<\/tr>\n<tr>\n<td class=\"baseNaranja\" width=\"480\">ENTRADA<\/td>\n<td class=\"baseNaranja\" width=\"480\"><\/td>\n<\/tr>\n<tr>\n<td class=\"baseContenido\" width=\"480\">VOLTAJE<\/td>\n<td class=\"baseContenido\" width=\"480\">220 \/ 230 VAC<\/td>\n<\/tr>\n<tr>\n<td class=\"baseContenido\" width=\"480\">CAPACIDAD<\/td>\n<td class=\"baseContenido\" width=\"480\">170 &#8211; 280 VAC<\/td>\n<\/tr>\n<tr>\n<td class=\"separador\" width=\"480\" height=\"5\"><\/td>\n<td class=\"separador\" width=\"480\" height=\"5\"><\/td>\n<\/tr>\n<tr>\n<td class=\"baseNaranja\" width=\"480\">SALIDA<\/td>\n<td class=\"baseNaranja\" width=\"480\"><\/td>\n<\/tr>\n<tr>\n<td class=\"baseContenido\" width=\"480\">VOLTAJE<\/td>\n<td class=\"baseContenido\" width=\"480\">220 \/ 230 \/ 240 VAC<\/td>\n<\/tr>\n<tr>\n<td class=\"baseContenido\" width=\"480\">REGULACION DE VOLTAJE<\/td>\n<td class=\"baseContenido\" width=\"480\">+10 %<\/td>\n<\/tr>\n<tr>\n<td class=\"baseContenido\" width=\"480\">FRECUENCIA<\/td>\n<td class=\"baseContenido\" width=\"480\">50HZ \/ 60HZ<\/td>\n<\/tr>\n<tr>\n<td class=\"baseContenido\" width=\"480\">FRECUENCIA ( MODO BATERIA )<\/td>\n<td class=\"baseContenido\" width=\"480\">\u00b1 1HZ<\/td>\n<\/tr>\n<tr>\n<td class=\"baseContenido\" width=\"480\">FORMA DE ONDA<\/td>\n<td class=\"baseContenido\" width=\"480\">SENOIDAL MODIFICADA<\/td>\n<\/tr>\n<tr>\n<td class=\"separador\" width=\"480\" height=\"5\"><\/td>\n<td class=\"separador\" width=\"480\" height=\"5\"><\/td>\n<\/tr>\n<tr>\n<td class=\"baseNaranja\" width=\"480\">BATERIA<\/td>\n<td class=\"baseNaranja\" width=\"480\"><\/td>\n<\/tr>\n<tr>\n<td class=\"baseContenido\" width=\"480\">TIPO DE BATERIA<\/td>\n<td class=\"baseContenido\" width=\"480\">SELLADA LIBRE DE MANTENIMIENTO<\/td>\n<\/tr>\n<tr>\n<td class=\"baseContenido\" width=\"480\">AUTONOMIA CON 1 PUESTO DE TRABAJO<\/td>\n<td class=\"baseContenido\" width=\"480\">8 MINUTOS<\/td>\n<\/tr>\n<tr>\n<td class=\"baseContenido\" width=\"480\">TIEMPO DE RECARGA<\/td>\n<td class=\"baseContenido\" width=\"480\">6 HORAS A 90%<\/td>\n<\/tr>\n<tr>\n<td class=\"separador\" width=\"480\" height=\"5\"><\/td>\n<td class=\"separador\" width=\"480\" height=\"5\"><\/td>\n<\/tr>\n<tr>\n<td class=\"baseNaranja\" width=\"480\">DATOS ADICIONALES<\/td>\n<td class=\"baseNaranja\" width=\"480\"><\/td>\n<\/tr>\n<tr>\n<td class=\"baseContenido\" width=\"480\">TAMA\u00d1O DEL GABINETE<\/td>\n<td class=\"baseContenido\" width=\"480\">ANCHO 100MM &#8211; ALTO 143MM &#8211; PROF 278MM<\/td>\n<\/tr>\n<tr>\n<td class=\"baseContenido\" width=\"480\">PESO DEL GABINETE<\/td>\n<td class=\"baseContenido\" width=\"480\">4,4 KG.<\/td>\n<\/tr>\n<\/tbody>\n<\/table>\n","protected":false},"excerpt":{"rendered":"<p>POLARIS XION 600 Estos equipos son peque\u00f1os y de gran versatilidad, pueden ser usados para proteger una oficina en particular, estudio o hogar. Son de gran fidelidad y tiene un precio altamente competitivo en relaci\u00f3n costo-beneficio. Una forma r\u00e1pida y segura para cuidar sus datos, recuerde que estos equipos pueden salvar informaci\u00f3n valiosa de su [&hellip;]<\/p>\n","protected":false},"featured_media":692,"template":"","meta":{"_et_pb_use_builder":"","_et_pb_old_content":"","_et_gb_content_width":""},"_links":{"self":[{"href":"https:\/\/www.tecnica.red\/compras\/wp-json\/wp\/v2\/product\/691"}],"collection":[{"href":"https:\/\/www.tecnica.red\/compras\/wp-json\/wp\/v2\/product"}],"about":[{"href":"https:\/\/www.tecnica.red\/compras\/wp-json\/wp\/v2\/types\/product"}],"wp:featuredmedia":[{"embeddable":true,"href":"https:\/\/www.tecnica.red\/compras\/wp-json\/wp\/v2\/media\/692"}],"wp:attachment":[{"href":"https:\/\/www.tecnica.red\/compras\/wp-json\/wp\/v2\/media?parent=691"}],"curies":[{"name":"wp","href":"https:\/\/api.w.org\/{rel}","templated":true}]}}