{"id":698,"date":"2020-03-02T12:58:00","date_gmt":"2020-03-02T15:58:00","guid":{"rendered":"https:\/\/www.tecnica.red\/compras\/?post_type=product&#038;p=698"},"modified":"2021-05-18T09:12:48","modified_gmt":"2021-05-18T12:12:48","slug":"polaris-tx-1000-ups","status":"publish","type":"product","link":"https:\/\/www.tecnica.red\/compras\/product\/polaris-tx-1000-ups\/","title":{"rendered":"Polaris TX 1000 UPS"},"content":{"rendered":"<h4>POLARIS TX 1000<\/h4>\n<p>M\u00e1xima estabilidad y durabilidad.<\/p>\n<p>La serie TX son UPS On Line doble conversi\u00f3n de alta performance, desarrollados para satisfacer las mas altas exigencias en protecci\u00f3n de energ\u00eda.<\/p>\n<h3>Especificaci\u00f3n t\u00e9cnica<\/h3>\n<table border=\"0\" width=\"960\" cellspacing=\"0\" cellpadding=\"0\">\n<tbody>\n<tr>\n<td class=\"baseGris\" width=\"480\">MODELO TX 1000<\/td>\n<td class=\"baseGris\" width=\"480\"><\/td>\n<\/tr>\n<tr>\n<td class=\"separador\" width=\"480\" height=\"5\"><\/td>\n<td class=\"separador\" width=\"480\" height=\"5\"><\/td>\n<\/tr>\n<tr>\n<td class=\"baseContenido\" width=\"480\">CAPACIDAD<\/td>\n<td class=\"baseContenido\" width=\"480\">1000VA \/ 800W<\/td>\n<\/tr>\n<tr>\n<td class=\"separador\" width=\"480\" height=\"5\"><\/td>\n<td class=\"separador\" width=\"480\" height=\"5\"><\/td>\n<\/tr>\n<tr>\n<td class=\"baseNaranja\" width=\"480\">ENTRADA<\/td>\n<td class=\"baseNaranja\" width=\"480\"><\/td>\n<\/tr>\n<tr>\n<td class=\"baseContenido\" width=\"480\">VOLTAJE<\/td>\n<td class=\"baseContenido\" width=\"480\">110~300 VAC<\/td>\n<\/tr>\n<tr>\n<td class=\"baseContenido\" width=\"480\">RANGO DE FRECUENCIA<\/td>\n<td class=\"baseContenido\" width=\"480\">40-70HZ<\/td>\n<\/tr>\n<tr>\n<td class=\"baseContenido\" width=\"480\">CABLEADO DE ENTRADA<\/td>\n<td class=\"baseContenido\" width=\"480\">MONOFASICO CON LA TIERRA<\/td>\n<\/tr>\n<tr>\n<td class=\"baseContenido\" width=\"480\">DISTORSION (THDI)<\/td>\n<td class=\"baseContenido\" width=\"480\">&lt;10%<\/td>\n<\/tr>\n<tr>\n<td class=\"separador\" width=\"480\" height=\"5\"><\/td>\n<td class=\"separador\" width=\"480\" height=\"5\"><\/td>\n<\/tr>\n<tr>\n<td class=\"baseNaranja\" width=\"480\">SALIDA<\/td>\n<td class=\"baseNaranja\" width=\"480\"><\/td>\n<\/tr>\n<tr>\n<td class=\"baseContenido\" width=\"480\">FACTOR DE POTENCIA DE SALIDA<\/td>\n<td class=\"baseContenido\" width=\"480\">0.8<\/td>\n<\/tr>\n<tr>\n<td class=\"baseContenido\" width=\"480\">TENSI\u00d3N DE SALIDA NOMINAL<\/td>\n<td class=\"baseContenido\" width=\"480\">200<sup>1<\/sup>\/208<sup>2<\/sup>\/220\/230\/240 VAC<\/td>\n<\/tr>\n<tr>\n<td class=\"baseContenido\" width=\"480\">REGULACION DE VOLTAJE<\/td>\n<td class=\"baseContenido\" width=\"480\">\u00b1 2 %<\/td>\n<\/tr>\n<tr>\n<td class=\"baseContenido\" width=\"480\">RANGO DE FRECUENCIA (MODO BATER\u00cdA)<\/td>\n<td class=\"baseContenido\" width=\"480\">50\/60 \u00b1 0.05 HZ<\/td>\n<\/tr>\n<tr>\n<td class=\"baseContenido\" width=\"480\">RELACION CRESTA ACTUAL<\/td>\n<td class=\"baseContenido\" width=\"480\">2.95:1<\/td>\n<\/tr>\n<tr>\n<td class=\"baseContenido\" width=\"480\">DISTORSI\u00d3N DE VOLTAJE (THDV)<\/td>\n<td class=\"baseContenido\" width=\"480\">&lt;4% @ DE CARGA LINEAL, &lt;LOAD 7% @ CARGA NO LINEAL<\/td>\n<\/tr>\n<tr>\n<td class=\"baseContenido\" width=\"480\">FORMA DE ONDA DE SALIDA<\/td>\n<td class=\"baseContenido\" width=\"480\">ONDA SINUSOIDAL PURA<\/td>\n<\/tr>\n<tr>\n<td class=\"baseContenido\" width=\"480\">FUNCIONAMIENTO EN PARALELO<\/td>\n<td class=\"baseContenido\" width=\"480\">N\/A<\/td>\n<\/tr>\n<tr>\n<td class=\"separador\" width=\"480\" height=\"5\"><\/td>\n<td class=\"separador\" width=\"480\" height=\"5\"><\/td>\n<\/tr>\n<tr>\n<td class=\"baseNaranja\" width=\"480\">EFICIENCIA<\/td>\n<td class=\"baseNaranja\" width=\"480\"><\/td>\n<\/tr>\n<tr>\n<td class=\"baseContenido\" width=\"480\">MODO INVERSOR<\/td>\n<td class=\"baseContenido\" width=\"480\">&gt;89%<\/td>\n<\/tr>\n<tr>\n<td class=\"baseContenido\" width=\"480\">MODO DE BATERIA<\/td>\n<td class=\"baseContenido\" width=\"480\">&gt;83%<\/td>\n<\/tr>\n<tr>\n<td class=\"baseContenido\" width=\"480\">MODO ECO<\/td>\n<td class=\"baseContenido\" width=\"480\">N\/A<\/td>\n<\/tr>\n<tr>\n<td class=\"separador\" width=\"480\" height=\"5\"><\/td>\n<td class=\"separador\" width=\"480\" height=\"5\"><\/td>\n<\/tr>\n<tr>\n<td class=\"baseNaranja\" width=\"480\">BATERIA<\/td>\n<td class=\"baseNaranja\" width=\"480\"><\/td>\n<\/tr>\n<tr>\n<td class=\"baseContenido\" width=\"480\">TIPO DE BATERIA<\/td>\n<td class=\"baseContenido\" width=\"480\">12V\/45W<\/td>\n<\/tr>\n<tr>\n<td class=\"baseContenido\" width=\"480\">NUMERO DE BATERIA INTERNA<\/td>\n<td class=\"baseContenido\" width=\"480\">2<\/td>\n<\/tr>\n<tr>\n<td class=\"baseContenido\" width=\"480\">CALIFICACION BATERIA VOLTAJE<\/td>\n<td class=\"baseContenido\" width=\"480\">24VDC<\/td>\n<\/tr>\n<tr>\n<td class=\"baseContenido\" width=\"480\">TIEMPO DE PROTECCION (PLENA CARGA)<\/td>\n<td class=\"baseContenido\" width=\"480\">4.5 MINUTOS<\/td>\n<\/tr>\n<tr>\n<td class=\"baseContenido\" width=\"480\">TIEMPO DE RECARGA (90%)<\/td>\n<td class=\"baseContenido\" width=\"480\">7 HORAS<\/td>\n<\/tr>\n<tr>\n<td class=\"baseContenido\" width=\"480\">CORRIENTE DE CARGA (MAXIMO)<\/td>\n<td class=\"baseContenido\" width=\"480\">1A<\/td>\n<\/tr>\n<tr>\n<td class=\"separador\" width=\"480\" height=\"5\"><\/td>\n<td class=\"separador\" width=\"480\" height=\"5\"><\/td>\n<\/tr>\n<tr>\n<td class=\"baseNaranja\" width=\"480\">TIEMPO DE TRANSFERENCIA<\/td>\n<td class=\"baseNaranja\" width=\"480\"><\/td>\n<\/tr>\n<tr>\n<td class=\"baseContenido\" width=\"480\">MODO BATER\u00cdA \/ MODO INVERSOR<\/td>\n<td class=\"baseContenido\" width=\"480\">0MS<\/td>\n<\/tr>\n<tr>\n<td class=\"baseContenido\" width=\"480\">MODO INVERSOR \/ MODO BYPASS<\/td>\n<td class=\"baseContenido\" width=\"480\">4MS<\/td>\n<\/tr>\n<tr>\n<td class=\"separador\" width=\"480\" height=\"5\"><\/td>\n<td class=\"separador\" width=\"480\" height=\"5\"><\/td>\n<\/tr>\n<tr>\n<td class=\"baseNaranja\" width=\"480\">VISUALIZACION<\/td>\n<td class=\"baseNaranja\" width=\"480\"><\/td>\n<\/tr>\n<tr>\n<td class=\"baseContenido\" width=\"480\">PANTALLA<\/td>\n<td class=\"baseContenido\" width=\"480\">LCD<\/td>\n<\/tr>\n<tr>\n<td class=\"separador\" width=\"480\" height=\"5\"><\/td>\n<td class=\"separador\" width=\"480\" height=\"5\"><\/td>\n<\/tr>\n<tr>\n<td class=\"baseNaranja\" width=\"480\">ALARMA<\/td>\n<td class=\"baseNaranja\" width=\"480\"><\/td>\n<\/tr>\n<tr>\n<td class=\"baseContenido\" width=\"480\">ALARMA SONORA<\/td>\n<td class=\"baseContenido\" width=\"480\">SI<\/td>\n<\/tr>\n<tr>\n<td class=\"separador\" width=\"480\" height=\"5\"><\/td>\n<td class=\"separador\" width=\"480\" height=\"5\"><\/td>\n<\/tr>\n<tr>\n<td class=\"baseNaranja\" width=\"480\">DIMENSIONES<\/td>\n<td class=\"baseNaranja\" width=\"480\"><\/td>\n<\/tr>\n<tr>\n<td class=\"baseContenido\" width=\"480\">ANCHO &#8211; ALTO &#8211; PROFUNDIDAD<\/td>\n<td class=\"baseContenido\" width=\"480\">144 X 229 X 345 MM<\/td>\n<\/tr>\n<tr>\n<td class=\"separador\" width=\"480\" height=\"5\"><\/td>\n<td class=\"separador\" width=\"480\" height=\"5\"><\/td>\n<\/tr>\n<tr>\n<td class=\"baseNaranja\" width=\"480\">PESO<\/td>\n<td class=\"baseNaranja\" width=\"480\"><\/td>\n<\/tr>\n<tr>\n<td class=\"baseContenido\" width=\"480\">PESO NETO<\/td>\n<td class=\"baseContenido\" width=\"480\">9.2 KG<\/td>\n<\/tr>\n<tr>\n<td class=\"separador\" width=\"480\" height=\"5\"><\/td>\n<td class=\"separador\" width=\"480\" height=\"5\"><\/td>\n<\/tr>\n<tr>\n<td class=\"baseNaranja\" width=\"480\">AMBIENTE<\/td>\n<td class=\"baseNaranja\" width=\"480\"><\/td>\n<\/tr>\n<tr>\n<td class=\"baseContenido\" width=\"480\">TEMPERATURA DE FUNCIONAMIENTO<\/td>\n<td class=\"baseContenido\" width=\"480\">0 ~ 40 \u00b0C<\/td>\n<\/tr>\n<tr>\n<td class=\"baseContenido\" width=\"480\">NIVEL DE RUIDO<\/td>\n<td class=\"baseContenido\" width=\"480\">&lt;45 DB<\/td>\n<\/tr>\n<tr>\n<td class=\"separador\" width=\"480\" height=\"5\"><\/td>\n<td class=\"separador\" width=\"480\" height=\"5\"><\/td>\n<\/tr>\n<tr>\n<td class=\"baseNaranja\" width=\"480\">INTERFASE<\/td>\n<td class=\"baseNaranja\" width=\"480\"><\/td>\n<\/tr>\n<tr>\n<td class=\"baseContenido\" width=\"480\">RS232<\/td>\n<td class=\"baseContenido\" width=\"480\">SI<\/td>\n<\/tr>\n<tr>\n<td class=\"baseContenido\" width=\"480\">RANURA EXTERNA<\/td>\n<td class=\"baseContenido\" width=\"480\">SI<\/td>\n<\/tr>\n<tr>\n<td class=\"baseContenido\" width=\"480\">APAGADO DE EMERGENCIA<\/td>\n<td class=\"baseContenido\" width=\"480\">NO<\/td>\n<\/tr>\n<\/tbody>\n<\/table>\n","protected":false},"excerpt":{"rendered":"<p>Descripci\u00f3n corta<\/p>\n","protected":false},"featured_media":699,"template":"","meta":{"_et_pb_use_builder":"","_et_pb_old_content":"","_et_gb_content_width":""},"_links":{"self":[{"href":"https:\/\/www.tecnica.red\/compras\/wp-json\/wp\/v2\/product\/698"}],"collection":[{"href":"https:\/\/www.tecnica.red\/compras\/wp-json\/wp\/v2\/product"}],"about":[{"href":"https:\/\/www.tecnica.red\/compras\/wp-json\/wp\/v2\/types\/product"}],"wp:featuredmedia":[{"embeddable":true,"href":"https:\/\/www.tecnica.red\/compras\/wp-json\/wp\/v2\/media\/699"}],"wp:attachment":[{"href":"https:\/\/www.tecnica.red\/compras\/wp-json\/wp\/v2\/media?parent=698"}],"curies":[{"name":"wp","href":"https:\/\/api.w.org\/{rel}","templated":true}]}}