{"id":11119,"date":"2016-09-26T22:52:09","date_gmt":"2016-09-26T22:52:09","guid":{"rendered":"http:\/\/www.tecnica.red\/web\/?page_id=11119"},"modified":"2016-10-11T22:04:08","modified_gmt":"2016-10-11T22:04:08","slug":"fabrica-importa","status":"publish","type":"page","link":"https:\/\/www.tecnica.red\/web\/fabrica-importa\/","title":{"rendered":"\u00bfFabrica, Importa o Distribuye Tecnolog\u00eda?"},"content":{"rendered":"<h5><strong>Sume\u00a0 Garant\u00eda a sus Productos en todo el Pa\u00eds<\/strong><\/h5>\n<p>La importancia de las Garant\u00edas en la toma de decisiones de compra es cada vez m\u00e1s importante.<\/p>\n<p>Esta importancia es a\u00fan mayor cuando se trata de dispositivos m\u00f3viles ya que es probable que los usuarios est\u00e9n requiri\u00e9ndola cuando est\u00e9n alejados de su entorno habitual.<\/p>\n<p>Esto plantea numerosas y variados situaciones para las marcas.<\/p>\n<p>Por otro lado aumentan sus requerimientos de un centro de soluciones lo m\u00e1s cercano posible, operados por personal capacitado, utilizando repuestos originales, con &#8220;tiempos de respuesta&#8221; m\u00ednimos y trabajando bajo estrictas normas de calidad.<\/p>\n<p>Satisfacer dichos requerimientos en ayuda a consolidar la imagen de la marca y de los productos agregando valor.<\/p>\n<p>Para lograr esas prestaciones T\u00e9cnica Red pone a su disposici\u00f3n la mayor red de servicios t\u00e9cnico de la Rep\u00fablica Argentina para dispositivos m\u00f3viles, cuya cobertura se pueden visualizar en <a href=\"http:\/\/www.tecnica.red\/red\" target=\"_blank\">www.tecnica.red\/red<\/a>.<\/p>\n<p>T\u00e9cnica. Red brinda soluciones de \u00faltima milla, y est\u00e1 siendo utilizada por un creciente n\u00famero de empresas.<\/p>\n<p>Destine uno minutos para conocer las soluciones de Tecnica.Red \u00a0y ahorro de tiempo y esfuerzo en la prestaci\u00f3n\u00a0 de sus Garant\u00edas.<\/p>\n<p><strong><img loading=\"lazy\" class=\"alignnone wp-image-11120\" src=\"http:\/\/www.tecnica.red\/web\/wp-content\/uploads\/2016\/09\/garantias-300x100.png\" alt=\"garantias\" width=\"1428\" height=\"476\" srcset=\"https:\/\/www.tecnica.red\/web\/wp-content\/uploads\/2016\/09\/garantias-300x100.png 300w, https:\/\/www.tecnica.red\/web\/wp-content\/uploads\/2016\/09\/garantias-768x256.png 768w, https:\/\/www.tecnica.red\/web\/wp-content\/uploads\/2016\/09\/garantias.png 1024w, https:\/\/www.tecnica.red\/web\/wp-content\/uploads\/2016\/09\/garantias-700x233.png 700w\" sizes=\"(max-width: 1428px) 100vw, 1428px\" \/><\/strong><\/p>\n<h5><strong>\u00bfC\u00f3mo funciona T\u00e9cnica Red?<\/strong><\/h5>\n<p>\u20de Cuando un comprador requiere un servicio de <strong>Garant\u00eda<\/strong> dentro del plazo establecido acceda a <strong>Tecnica.Red<\/strong> para localizar el prestador m\u00e1s cercano utilizando el Mapa de Localizaciones.<\/p>\n<p>\u20de Los centros de <strong>Tecnica.Red<\/strong> est\u00e1n en condiciones de brindar una respuesta al problema dentro de las <strong>48 horas<\/strong>.<\/p>\n<p>\u20de Soluci\u00f3n inmediata en caso de situaciones que no requieran reemplazo de componentes utilizando para ello la base de experiencias de <strong>Tecnica.Red<\/strong> de problemas y soluciones.<\/p>\n<p>\u20de Las soluciones de <strong>Tecnica.Red<\/strong> est\u00e1n <strong>\u201con-site\u201d<\/strong> con lo que se minimiza el esfuerzo y los tiempos dedicados en log\u00edstica.<\/p>\n<p>\u20de<strong> Tecnica.Red<\/strong> brinda un servicio focalizado en la satisfacci\u00f3n de los clientes, cuidando el valor de su marca.<\/p>\n<p>\u20de La misi\u00f3n de Tecnica.Red es \u201cproveer partes originales e informaci\u00f3n clave, que expandan su negocio. Ofreciendo mejores servicios al cliente, m\u00e1s all\u00e1 del lugar donde usted se encuentre\u201d.<\/p>\n","protected":false},"excerpt":{"rendered":"<p>Sume\u00a0 Garant\u00eda a sus Productos en todo el Pa\u00eds La importancia de las Garant\u00edas en la toma de decisiones de compra es cada vez m\u00e1s importante. Esta importancia es a\u00fan mayor cuando se trata de dispositivos m\u00f3viles ya que es probable que los usuarios est\u00e9n&#8230;<\/p>\n","protected":false},"author":2,"featured_media":11120,"parent":0,"menu_order":0,"comment_status":"closed","ping_status":"closed","template":"","meta":[],"_links":{"self":[{"href":"https:\/\/www.tecnica.red\/web\/wp-json\/wp\/v2\/pages\/11119"}],"collection":[{"href":"https:\/\/www.tecnica.red\/web\/wp-json\/wp\/v2\/pages"}],"about":[{"href":"https:\/\/www.tecnica.red\/web\/wp-json\/wp\/v2\/types\/page"}],"author":[{"embeddable":true,"href":"https:\/\/www.tecnica.red\/web\/wp-json\/wp\/v2\/users\/2"}],"replies":[{"embeddable":true,"href":"https:\/\/www.tecnica.red\/web\/wp-json\/wp\/v2\/comments?post=11119"}],"version-history":[{"count":10,"href":"https:\/\/www.tecnica.red\/web\/wp-json\/wp\/v2\/pages\/11119\/revisions"}],"predecessor-version":[{"id":11136,"href":"https:\/\/www.tecnica.red\/web\/wp-json\/wp\/v2\/pages\/11119\/revisions\/11136"}],"wp:featuredmedia":[{"embeddable":true,"href":"https:\/\/www.tecnica.red\/web\/wp-json\/wp\/v2\/media\/11120"}],"wp:attachment":[{"href":"https:\/\/www.tecnica.red\/web\/wp-json\/wp\/v2\/media?parent=11119"}],"curies":[{"name":"wp","href":"https:\/\/api.w.org\/{rel}","templated":true}]}}